{"id":2480,"date":"2017-09-12T16:36:04","date_gmt":"2017-09-12T14:36:04","guid":{"rendered":"https:\/\/bioagra.pl\/cooperation\/"},"modified":"2023-03-20T15:38:38","modified_gmt":"2023-03-20T14:38:38","slug":"cooperation","status":"publish","type":"page","link":"https:\/\/bioagra.pl\/en\/cooperation\/","title":{"rendered":"Cooperation"},"content":{"rendered":"<div class=\"container-fluid overflow colorWhite main_width\"><div class=\"col-lg-offset-3 col-lg-6 col-md-offset-2 col-md-8 col-sm-offset-1 col-sm-10 col-xs-12\"><\/p>\n<h3><span style=\"color: #222222;\"><b>Purchase of corn<\/b><\/span><\/h3>\n<p><span style=\"color: #222222;\">BIOAGRA SA invites agricultural producers, trading companies and brokers to conclude contracts for the supply of corn grain. The company guarantees the receipt of the entire contracted batch of raw material regardless of market conditions and their supply in a given season.<\/span><\/p>\n<p><span style=\"color: #222222;\">The contracted grain will be completely processed into bioethanol and technical, pharmaceutical and food grade ethanol. Corn is processed, in one of the most modern technologies in the world, by the &#8220;Go\u015bwinowice&#8221; Ethanol Plant, located in G\u0142\u0119bin\u00f3w near Nysa, which is entirely owned by BIOAGRA SA.<\/span><\/p>\n<h3><span style=\"color: #222222;\"><b>Purchase &#8211; basic grain quality parameters:<\/b><\/span><\/h3>\n<ul>\n<li><span style=\"color: #222222;\">moisture up to 14.5 (dry corn) or 30% (wet corn) <\/span><\/li>\n<li><span style=\"color: #222222;\">total pollution content up to 10%, including unusable pollution up to 2%<\/span><\/li>\n<li><span style=\"color: #222222;\">starch content in dry matter not less than 71%<\/span><\/li>\n<li><span style=\"color: #222222;\">external features of maize: typical color, no foreign smells and live pests (including mites) no fungal diseases at every stage of development.<\/span><\/li>\n<\/ul>\n<p>&nbsp;<\/p>\n<h3><b>Are you an agricultural producer?<\/b><\/h3>\n<p>Sell your product. Get help from an adviser.<\/p>\n<p>Go to the website of the BIOAGRA SA sales representatives search engine. In a few seconds you will get contact details of the person who is responsible for contracting in your county. Just select the type of product you want to sell and your location to get representative details.<\/p>\n<p><a href=\"http:\/\/www.bzkgroup.pl\/pl\/zakup-surowcow\" target=\"_blank\" rel=\"noopener noreferrer\">http:\/\/www.bzkgroup.pl\/pl\/zakup-surowcow<\/a><\/p>\n<h3><b>Are you a sales representative or broker?<\/b><\/h3>\n<p>Contact your corn manager for information on concluding corn grain supply contracts.<\/p>\n<p><strong>Maize cultivation contract:<br \/>\n<\/strong><\/p>\n<p>Magdalena Derecka<br \/>\nCorn Manager<br \/>\nmobile: +48 661 302 106<br \/>\nphone: +48 77 416 31 37<br \/>\ne-mail: <a href=\"mailto:derecka_m@bzkgroup.pl\">derecka_m@bzkgroup.pl<\/a>, <a href=\"mailto:corn@bzkgroup.pl\">corn@bzkgroup.pl<\/a><\/p>\n<p>&nbsp;<\/p>\n<p><\/div><\/div>\n","protected":false},"excerpt":{"rendered":"","protected":false},"author":4,"featured_media":2182,"parent":0,"menu_order":0,"comment_status":"closed","ping_status":"closed","template":"","meta":{"_acf_changed":false,"om_disable_all_campaigns":false,"_monsterinsights_skip_tracking":false,"_monsterinsights_sitenote_active":false,"_monsterinsights_sitenote_note":"","_monsterinsights_sitenote_category":0,"ngg_post_thumbnail":0,"footnotes":""},"class_list":["post-2480","page","type-page","status-publish","has-post-thumbnail","hentry"],"acf":[],"aioseo_notices":[],"_links":{"self":[{"href":"https:\/\/bioagra.pl\/en\/wp-json\/wp\/v2\/pages\/2480","targetHints":{"allow":["GET"]}}],"collection":[{"href":"https:\/\/bioagra.pl\/en\/wp-json\/wp\/v2\/pages"}],"about":[{"href":"https:\/\/bioagra.pl\/en\/wp-json\/wp\/v2\/types\/page"}],"author":[{"embeddable":true,"href":"https:\/\/bioagra.pl\/en\/wp-json\/wp\/v2\/users\/4"}],"replies":[{"embeddable":true,"href":"https:\/\/bioagra.pl\/en\/wp-json\/wp\/v2\/comments?post=2480"}],"version-history":[{"count":3,"href":"https:\/\/bioagra.pl\/en\/wp-json\/wp\/v2\/pages\/2480\/revisions"}],"predecessor-version":[{"id":4116,"href":"https:\/\/bioagra.pl\/en\/wp-json\/wp\/v2\/pages\/2480\/revisions\/4116"}],"wp:featuredmedia":[{"embeddable":true,"href":"https:\/\/bioagra.pl\/en\/wp-json\/wp\/v2\/media\/2182"}],"wp:attachment":[{"href":"https:\/\/bioagra.pl\/en\/wp-json\/wp\/v2\/media?parent=2480"}],"curies":[{"name":"wp","href":"https:\/\/api.w.org\/{rel}","templated":true}]}}