{"id":2481,"date":"2019-03-05T10:21:08","date_gmt":"2019-03-05T09:21:08","guid":{"rendered":"https:\/\/bioagra.pl\/careers\/"},"modified":"2022-05-05T11:59:04","modified_gmt":"2022-05-05T09:59:04","slug":"careers","status":"publish","type":"page","link":"https:\/\/bioagra.pl\/en\/careers\/","title":{"rendered":"Careers"},"content":{"rendered":"<div class=\"container-fluid overflow colorWhite main_width\"><div class=\"col-lg-offset-3 col-lg-6 col-md-offset-2 col-md-8 col-sm-offset-1 col-sm-10 col-xs-12\"><\/p>\r\n<p>Due to the dynamic development, BIOAGRA SA is looking for people to work at the \u201cGo\u015bwinowice\u201d Ethanol Plant.<br><br>Place of work: \u201cGo\u015bwinowice\u201d Ethanol Plant, G\u0142\u0119bin\u00f3w 30, 48-300 Nysa.<br><br>Please send your CV and additional questions to: <a href=\"praca@bioagra.pl\">praca@bioagra.pl<\/a><br><br>BIOAGRA SA is currently the largest producer of bioethanol and ethanol produced from corn grain in Poland. The company\u2019s production plant, which is located near Nysa, is one of the largest employers in the region. Nearly 150 people work there. The company also cooperates with nearly 1,400 farmers and agricultural companies from all over the country. As many as 700 of them come from the Opolskie Voivodeship.<\/p>\r\n<p><\/div><\/div>\r\n\r\n<p>&nbsp;<\/p>\r\n\r\n<p>&nbsp;<\/p>","protected":false},"excerpt":{"rendered":"<p>&nbsp; &nbsp;<\/p>\n","protected":false},"author":4,"featured_media":2376,"parent":0,"menu_order":0,"comment_status":"closed","ping_status":"closed","template":"","meta":{"_acf_changed":false,"om_disable_all_campaigns":false,"_monsterinsights_skip_tracking":false,"_monsterinsights_sitenote_active":false,"_monsterinsights_sitenote_note":"","_monsterinsights_sitenote_category":0,"ngg_post_thumbnail":0,"footnotes":""},"class_list":["post-2481","page","type-page","status-publish","has-post-thumbnail","hentry"],"acf":[],"aioseo_notices":[],"_links":{"self":[{"href":"https:\/\/bioagra.pl\/en\/wp-json\/wp\/v2\/pages\/2481","targetHints":{"allow":["GET"]}}],"collection":[{"href":"https:\/\/bioagra.pl\/en\/wp-json\/wp\/v2\/pages"}],"about":[{"href":"https:\/\/bioagra.pl\/en\/wp-json\/wp\/v2\/types\/page"}],"author":[{"embeddable":true,"href":"https:\/\/bioagra.pl\/en\/wp-json\/wp\/v2\/users\/4"}],"replies":[{"embeddable":true,"href":"https:\/\/bioagra.pl\/en\/wp-json\/wp\/v2\/comments?post=2481"}],"version-history":[{"count":7,"href":"https:\/\/bioagra.pl\/en\/wp-json\/wp\/v2\/pages\/2481\/revisions"}],"predecessor-version":[{"id":3635,"href":"https:\/\/bioagra.pl\/en\/wp-json\/wp\/v2\/pages\/2481\/revisions\/3635"}],"wp:featuredmedia":[{"embeddable":true,"href":"https:\/\/bioagra.pl\/en\/wp-json\/wp\/v2\/media\/2376"}],"wp:attachment":[{"href":"https:\/\/bioagra.pl\/en\/wp-json\/wp\/v2\/media?parent=2481"}],"curies":[{"name":"wp","href":"https:\/\/api.w.org\/{rel}","templated":true}]}}