{"id":2508,"date":"2020-06-17T05:35:32","date_gmt":"2020-06-17T03:35:32","guid":{"rendered":"https:\/\/bioagra.pl\/main-page\/"},"modified":"2020-06-17T05:35:32","modified_gmt":"2020-06-17T03:35:32","slug":"main-page","status":"publish","type":"page","link":"https:\/\/bioagra.pl\/en\/","title":{"rendered":"Main Page"},"content":{"rendered":"<p>Witamy na stronie! To jest strona g\u0142\u00f3wna, kt\u00f3r\u0105 zobaczy wi\u0119kszo\u015b\u0107 odwiedzaj\u0105cych, kiedy b\u0119dzie odwiedza\u0107 twoj\u0105 witryn\u0119 po raz pierwszy.<\/p>\n","protected":false},"excerpt":{"rendered":"<p>Witamy na stronie! To jest strona g\u0142\u00f3wna, kt\u00f3r\u0105 zobaczy wi\u0119kszo\u015b\u0107 odwiedzaj\u0105cych, kiedy b\u0119dzie odwiedza\u0107 twoj\u0105 witryn\u0119 po raz pierwszy.<\/p>\n","protected":false},"author":4,"featured_media":0,"parent":0,"menu_order":0,"comment_status":"closed","ping_status":"closed","template":"strona-glowna.php","meta":{"_acf_changed":false,"om_disable_all_campaigns":false,"_monsterinsights_skip_tracking":false,"_monsterinsights_sitenote_active":false,"_monsterinsights_sitenote_note":"","_monsterinsights_sitenote_category":0,"ngg_post_thumbnail":0,"footnotes":""},"class_list":["post-2508","page","type-page","status-publish","hentry"],"acf":[],"aioseo_notices":[],"_links":{"self":[{"href":"https:\/\/bioagra.pl\/en\/wp-json\/wp\/v2\/pages\/2508","targetHints":{"allow":["GET"]}}],"collection":[{"href":"https:\/\/bioagra.pl\/en\/wp-json\/wp\/v2\/pages"}],"about":[{"href":"https:\/\/bioagra.pl\/en\/wp-json\/wp\/v2\/types\/page"}],"author":[{"embeddable":true,"href":"https:\/\/bioagra.pl\/en\/wp-json\/wp\/v2\/users\/4"}],"replies":[{"embeddable":true,"href":"https:\/\/bioagra.pl\/en\/wp-json\/wp\/v2\/comments?post=2508"}],"version-history":[{"count":0,"href":"https:\/\/bioagra.pl\/en\/wp-json\/wp\/v2\/pages\/2508\/revisions"}],"wp:attachment":[{"href":"https:\/\/bioagra.pl\/en\/wp-json\/wp\/v2\/media?parent=2508"}],"curies":[{"name":"wp","href":"https:\/\/api.w.org\/{rel}","templated":true}]}}