{"id":2537,"date":"2017-09-12T13:17:45","date_gmt":"2017-09-12T11:17:45","guid":{"rendered":"https:\/\/bioagra.pl\/?page_id=2537"},"modified":"2024-05-29T13:45:21","modified_gmt":"2024-05-29T11:45:21","slug":"products_bioagra","status":"publish","type":"page","link":"https:\/\/bioagra.pl\/en\/products_bioagra\/","title":{"rendered":"Products"},"content":{"rendered":"<p>BIOAGRA SA produces three basic products from corn: ethanol, feed materials (DDGS &#8211; distiller\u2019s dried grains with solubles, WDGS &#8211; wet distiller\u2019s grains with solubles and corn syrup) and crude corn oil. All products come from the &#8220;Go\u015bwinowice&#8221; Ethanol Plant in G\u0142\u0119bin\u00f3w near Nysa. They are based on technology developed by KATZEN International Inc. (USA). Thanks to it, 100% corn grain is processed into wholesome products. The plant belonging to BIOAGRA SA uses this pro-ecological technology as the only one in the country and one of several in Europe.<\/p>\n<p>All products manufactured by BIOAGRA SA are made under observance of production procedures resulting from the use of the following certificates: HACCAP (food), ISO 9001 (quality), ISO 14001 (environment), OHSAS 18001 (occupational health and safety) and GMP + B2 (feed standard) and REDcert (sustainable development).<\/p>\n","protected":false},"excerpt":{"rendered":"<p>BIOAGRA SA produces three basic products from corn: ethanol, feed materials (DDGS &#8211; distiller\u2019s dried grains with solubles, WDGS &#8211; wet distiller\u2019s grains with solubles and corn syrup) and crude corn oil. All products come from the &#8220;Go\u015bwinowice&#8221; Ethanol Plant in G\u0142\u0119bin\u00f3w near Nysa. They are based on technology developed by KATZEN International Inc. (USA). [&hellip;]<\/p>\n","protected":false},"author":4,"featured_media":3664,"parent":0,"menu_order":0,"comment_status":"closed","ping_status":"closed","template":"produkty.php","meta":{"_acf_changed":false,"om_disable_all_campaigns":false,"_monsterinsights_skip_tracking":false,"_monsterinsights_sitenote_active":false,"_monsterinsights_sitenote_note":"","_monsterinsights_sitenote_category":0,"ngg_post_thumbnail":0,"footnotes":""},"class_list":["post-2537","page","type-page","status-publish","has-post-thumbnail","hentry"],"acf":[],"aioseo_notices":[],"_links":{"self":[{"href":"https:\/\/bioagra.pl\/en\/wp-json\/wp\/v2\/pages\/2537","targetHints":{"allow":["GET"]}}],"collection":[{"href":"https:\/\/bioagra.pl\/en\/wp-json\/wp\/v2\/pages"}],"about":[{"href":"https:\/\/bioagra.pl\/en\/wp-json\/wp\/v2\/types\/page"}],"author":[{"embeddable":true,"href":"https:\/\/bioagra.pl\/en\/wp-json\/wp\/v2\/users\/4"}],"replies":[{"embeddable":true,"href":"https:\/\/bioagra.pl\/en\/wp-json\/wp\/v2\/comments?post=2537"}],"version-history":[{"count":5,"href":"https:\/\/bioagra.pl\/en\/wp-json\/wp\/v2\/pages\/2537\/revisions"}],"predecessor-version":[{"id":4895,"href":"https:\/\/bioagra.pl\/en\/wp-json\/wp\/v2\/pages\/2537\/revisions\/4895"}],"wp:featuredmedia":[{"embeddable":true,"href":"https:\/\/bioagra.pl\/en\/wp-json\/wp\/v2\/media\/3664"}],"wp:attachment":[{"href":"https:\/\/bioagra.pl\/en\/wp-json\/wp\/v2\/media?parent=2537"}],"curies":[{"name":"wp","href":"https:\/\/api.w.org\/{rel}","templated":true}]}}