{"id":2586,"date":"2017-09-05T10:04:42","date_gmt":"2017-09-05T08:04:42","guid":{"rendered":"https:\/\/bioagra.pl\/contact\/"},"modified":"2025-10-03T16:09:28","modified_gmt":"2025-10-03T14:09:28","slug":"contact","status":"publish","type":"page","link":"https:\/\/bioagra.pl\/en\/contact\/","title":{"rendered":"Contact"},"content":{"rendered":"<div class=\"container-fluid overflow colorWhite main_width\"><div class=\"col-lg-offset-3 col-lg-6 col-md-offset-2 col-md-8 col-sm-offset-1 col-sm-10 col-xs-12\"><\/p>\n<p><strong>&nbsp;<\/strong><\/p>\n<p><strong>Orders of ethanol (pure, undenatured):<\/strong><br \/>\nJacek G\u00f3ralczyk<br \/>\nManager of Liquid Products<br \/>\nLiquid Products Trade Department<br \/>\ntel.: +48 669 115 653<br \/>\ne-mail: <a href=\"mailto:goralczyk_j@bzk.pl\">goralczyk_j@bzk.pl<\/a><\/p>\n<p>Pawe\u0142 G\u0105d<br \/>\nManager of Liquid Products (ethyl alcohol)<br \/>\nLiquid Products Trade Department<br \/>\ntel.: + 48 661 303 570 lub +48 785 645 997<br \/>\ne-mail: gad_p@bzk.pl<\/p>\n<p><strong>Orders of feed materials (DDGS, WDGS, CCDS, Crude Corn Oil &#8211; feed grade):<\/strong><br \/>\nMarek Mruk<br \/>\nRaw Materials Manager<br \/>\nmobile: +48 661 301 964<br \/>\ne-mail:&nbsp;<a href=\"mailto:mruk_m@bzk.pl\">mruk_m@bzk.pl<\/a><\/p>\n<p><strong>Maize cultivation contract:<\/strong><br \/>\nMagdalena Derecka<br \/>\nCorn Manager<br \/>\nmobile: +48 661 302 106<br \/>\nphone: +48 77 416 31 37<br \/>\ne-mail: <a href=\"mailto:derecka_m@bzkgroup.pl\"><u>derecka_m@bzkgroup.pl<\/u><\/a>, <a href=\"mailto:corn@bzkgroup.pl\"><u>corn@bzkgroup.pl<\/u><\/a><\/p>\n<p>&nbsp;<\/p>\n<p><span style=\"text-decoration: underline;\">CONTACT DETAILS<\/span><\/p>\n<p><strong><br \/>\nCompany office (register address):<br \/>\n<\/strong>BIOAGRA SA<br \/>\nul. Po\u0142\u00adczy\u0144\u00adska 97A<br \/>\n01-303 War\u00adsza\u00adwa<\/p>\n<p><strong><br \/>\nCompany office (correspondence address):<\/strong><br \/>\nKoprki, 27 Ja\u015bminowa St<br \/>\n05-850 O\u017ca\u00adr\u00f3w Mazo\u00adwiec\u00adki<br \/>\nphone: +48 22 532 99 00<br \/>\nfax: +48 22 532 99 09<br \/>\ne-mail: <a href=\"mailto:biu\u00adro@bioagra. pl\">biu\u00adro@bioagra. pl<\/a><\/p>\n<p><strong><br \/>\nCompany&#8217;s production plant:<\/strong><br \/>\n&#8220;Go\u015bwinowice&#8221; Ethanol Plant<br \/>\nG\u0142\u0119\u00adbi\u00adn\u00f3w 30<br \/>\n48-300 Nysa<br \/>\nphone: +48 77 435 71 66, 77 435 71 67<br \/>\nfax: +48 77 435 40 86<br \/>\ne-mail: <a href=\"mailto:biu\u00adro-zpe\u00ad@bio\u00adagra. pl\">biu\u00adro-zpe\u00ad@bio\u00adagra. pl<\/a><\/p>\n<p>Regon 015820786 PKD 2014Z NIP 5272445687<br \/>\nDistrict Court for the capital city Warsaw in Warsaw<br \/>\nXIII Economic Department of the National Court Register KRS 0000218705<br \/>\nThe share capital, fully paid up: PLN 137 240 000,00<\/p>\n<p><\/div><\/div>\n<div class=\"container-fluid overflow contact main_width\"> <div class=\"row\"> <div class=\"col-lg-12 col-md-12 col-sm-12 col-xs-12\"> <div class=\"contact_text col-lg-offset-3 col-lg-6  col-md-offset-2 col-md-8 col-sm-offset-1 col-sm-10 col-xs-12\"><\/p>\n<p><span style=\"color: white;\">Do you have additional questions?<\/span><\/p>\n<h2>We are happy to help!<\/h2>\n<p><span style=\"color: white;\">Leave your phone number or email address. We will contact you.<\/span><\/p>\n<p><\/div> <div class=\"col-lg-offset-3 col-lg-6  col-md-offset-2 col-md-8 col-sm-offset-1 col-sm-10 col-xs-12 contakt_form\">\n<div class=\"wpcf7 no-js\" id=\"wpcf7-f2626-o1\" lang=\"en-US\" dir=\"ltr\" data-wpcf7-id=\"2626\">\n<div class=\"screen-reader-response\"><p role=\"status\" aria-live=\"polite\" aria-atomic=\"true\"><\/p> <ul><\/ul><\/div>\n<form action=\"\/en\/wp-json\/wp\/v2\/pages\/2586#wpcf7-f2626-o1\" method=\"post\" class=\"wpcf7-form init\" aria-label=\"Contact form\" novalidate=\"novalidate\" data-status=\"init\">\n<fieldset class=\"hidden-fields-container\"><input type=\"hidden\" name=\"_wpcf7\" value=\"2626\" \/><input type=\"hidden\" name=\"_wpcf7_version\" value=\"6.1.5\" \/><input type=\"hidden\" name=\"_wpcf7_locale\" value=\"en_US\" \/><input type=\"hidden\" name=\"_wpcf7_unit_tag\" value=\"wpcf7-f2626-o1\" \/><input type=\"hidden\" name=\"_wpcf7_container_post\" value=\"0\" \/><input type=\"hidden\" name=\"_wpcf7_posted_data_hash\" value=\"\" \/>\n<\/fieldset>\n<p><span class=\"wpcf7-form-control-wrap\" data-name=\"first_as_label\"><select class=\"wpcf7-form-control wpcf7-select wpcf7-validates-as-required\" aria-required=\"true\" aria-invalid=\"false\" name=\"first_as_label\"><option value=\"Title\">Title<\/option><option value=\"Mr\">Mr<\/option><option value=\"Mrs\">Mrs<\/option><\/select><\/span>\n<\/p>\n<p><span class=\"wpcf7-form-control-wrap\" data-name=\"your-name\"><input size=\"40\" maxlength=\"400\" class=\"wpcf7-form-control wpcf7-text wpcf7-validates-as-required\" aria-required=\"true\" aria-invalid=\"false\" placeholder=\"First name and last name\" value=\"\" type=\"text\" name=\"your-name\" \/><\/span>\n<\/p>\n<p><span class=\"wpcf7-form-control-wrap\" data-name=\"your-email\"><input size=\"40\" maxlength=\"400\" class=\"wpcf7-form-control wpcf7-email wpcf7-validates-as-required wpcf7-text wpcf7-validates-as-email\" aria-required=\"true\" aria-invalid=\"false\" placeholder=\"E-mail address\" value=\"\" type=\"email\" name=\"your-email\" \/><\/span>\n<\/p>\n<p><span class=\"wpcf7-form-control-wrap\" data-name=\"your-phone\"><input size=\"40\" maxlength=\"400\" class=\"wpcf7-form-control wpcf7-text\" aria-invalid=\"false\" placeholder=\"Mobile phone\" value=\"\" type=\"text\" name=\"your-phone\" \/><\/span>\n<\/p>\n<p><span class=\"wpcf7-form-control-wrap\" data-name=\"your-message\"><textarea cols=\"40\" rows=\"10\" maxlength=\"2000\" class=\"wpcf7-form-control wpcf7-textarea wpcf7-validates-as-required\" aria-required=\"true\" aria-invalid=\"false\" placeholder=\"Additional informatione\" name=\"your-message\"><\/textarea><\/span>\n<\/p>\n<p><br \/>\n<span class=\"wpcf7-form-control-wrap kc_captcha\" data-name=\"kc_captcha\"><span class=\"wpcf7-form-control wpcf7-radio\"><span class=\"captcha-image\" ><span class=\"cf7ic_instructions\">Please prove you are human by selecting the<span> key<\/span>.<\/span><label><input aria-label=\"1\" type=\"radio\" name=\"kc_captcha\" value=\"bot\" \/><svg aria-hidden=\"true\" role=\"img\" xmlns=\"http:\/\/www.w3.org\/2000\/svg\" viewBox=\"0 0 576 512\"><path fill=\"currentColor\" d=\"M488 313v143c0 13-11 24-24 24H348c-7 0-12-5-12-12V356c0-7-5-12-12-12h-72c-7 0-12 5-12 12v112c0 7-5 12-12 12H112c-13 0-24-11-24-24V313c0-4 2-7 4-10l188-154c5-4 11-4 16 0l188 154c2 3 4 6 4 10zm84-61l-84-69V44c0-6-5-12-12-12h-56c-7 0-12 6-12 12v73l-89-74a48 48 0 00-61 0L4 252c-5 4-5 12-1 17l25 31c5 5 12 5 17 1l235-193c5-4 11-4 16 0l235 193c5 5 13 4 17-1l25-31c4-6 4-13-1-17z\"\/><\/svg><\/label><label><input aria-label=\"2\" type=\"radio\" name=\"kc_captcha\" value=\"bot\" \/><svg aria-hidden=\"true\" role=\"img\" xmlns=\"http:\/\/www.w3.org\/2000\/svg\" viewBox=\"0 0 576 512\"><path fill=\"currentColor\" d=\"M259 18l-65 132-146 22c-26 3-37 36-18 54l106 103-25 146c-5 26 23 46 46 33l131-68 131 68c23 13 51-7 46-33l-25-146 106-103c19-18 8-51-18-54l-146-22-65-132a32 32 0 00-58 0z\"\/><\/svg><\/label><label><input aria-label=\"3\" type=\"radio\" name=\"kc_captcha\" value=\"kc_human\" \/><svg aria-hidden=\"true\" role=\"img\" xmlns=\"http:\/\/www.w3.org\/2000\/svg\" viewBox=\"0 0 512 512\"><path fill=\"currentColor\" d=\"M512 176a176 176 0 01-209 173l-24 27a24 24 0 01-18 8h-37v40c0 13-11 24-24 24h-40v40c0 13-11 24-24 24H24c-13 0-24-11-24-24v-78c0-6 3-13 7-17l162-162a176 176 0 11343-55zm-176-48a48 48 0 1096 0 48 48 0 00-96 0z\"\/><\/svg><\/label>\r\n    <\/span>\r\n    <span style=\"display:none\">\r\n        <input type=\"text\" name=\"kc_honeypot\">\r\n    <\/span><\/span><\/span>\n<\/p>\n<p><input class=\"wpcf7-form-control wpcf7-submit has-spinner\" type=\"submit\" value=\"Send\" \/>\n<\/p>\n<p><small><br \/>\n*by sharing your personal data, you agree for its processing in order to be contacted by BIOAGRA SA; the data is not shared with 3rd party companies.<br \/>\n<\/small>\n<\/p><div class=\"wpcf7-response-output\" aria-hidden=\"true\"><\/div>\n<\/form>\n<\/div>\n<\/div> <\/div>  <\/div> <\/div> <!-- \/kontakt_form_map-->  <!-- Modal --> <div class=\"modal fade\" id=\"myModal\" tabindex=\"-1\" role=\"dialog\" aria-labelledby=\"myModalLabel\"> <div class=\"modal-dialog\" role=\"document\"> <div class=\"modal-content\"> <div class=\"modal-header\"> <p class=\"modal_icon_contact \"> <\/p> <h4 class=\"modal-title\" id=\"myModalLabel\">Dzi\u0119kujemy za wiadomo\u015b\u0107!<\/h4> <\/div> <div class=\"modal-footer\"> <button type=\"button\" class=\"btn btn-default\" data-dismiss=\"modal\">ZAMKNIJ OKNO<\/button> <\/div> <\/div> <\/div> <\/div>\n","protected":false},"excerpt":{"rendered":"","protected":false},"author":4,"featured_media":2196,"parent":0,"menu_order":0,"comment_status":"closed","ping_status":"closed","template":"","meta":{"_acf_changed":false,"om_disable_all_campaigns":false,"_monsterinsights_skip_tracking":false,"_monsterinsights_sitenote_active":false,"_monsterinsights_sitenote_note":"","_monsterinsights_sitenote_category":0,"ngg_post_thumbnail":0,"footnotes":""},"class_list":["post-2586","page","type-page","status-publish","has-post-thumbnail","hentry"],"acf":[],"aioseo_notices":[],"_links":{"self":[{"href":"https:\/\/bioagra.pl\/en\/wp-json\/wp\/v2\/pages\/2586","targetHints":{"allow":["GET"]}}],"collection":[{"href":"https:\/\/bioagra.pl\/en\/wp-json\/wp\/v2\/pages"}],"about":[{"href":"https:\/\/bioagra.pl\/en\/wp-json\/wp\/v2\/types\/page"}],"author":[{"embeddable":true,"href":"https:\/\/bioagra.pl\/en\/wp-json\/wp\/v2\/users\/4"}],"replies":[{"embeddable":true,"href":"https:\/\/bioagra.pl\/en\/wp-json\/wp\/v2\/comments?post=2586"}],"version-history":[{"count":8,"href":"https:\/\/bioagra.pl\/en\/wp-json\/wp\/v2\/pages\/2586\/revisions"}],"predecessor-version":[{"id":5621,"href":"https:\/\/bioagra.pl\/en\/wp-json\/wp\/v2\/pages\/2586\/revisions\/5621"}],"wp:featuredmedia":[{"embeddable":true,"href":"https:\/\/bioagra.pl\/en\/wp-json\/wp\/v2\/media\/2196"}],"wp:attachment":[{"href":"https:\/\/bioagra.pl\/en\/wp-json\/wp\/v2\/media?parent=2586"}],"curies":[{"name":"wp","href":"https:\/\/api.w.org\/{rel}","templated":true}]}}